{"id":17472,"date":"2016-02-10T16:15:02","date_gmt":"2016-02-10T16:15:02","guid":{"rendered":"https:\/\/staging.femarbel.be\/telechargement\/"},"modified":"2020-11-02T08:26:33","modified_gmt":"2020-11-02T08:26:33","slug":"telechargement","status":"publish","type":"page","link":"https:\/\/femarbel.be\/nl\/telechargement\/","title":{"rendered":"Download"},"content":{"rendered":"<h2>Recueil des r\u00e8glementations<\/h2>\n<h3>R\u00e9gion Wallonne:<\/h3>\n<ul>\n<li><a href=\"https:\/\/femarbel.be\/wp-content\/uploads\/2016\/02\/1.RW-R\u00e9pertoire.pdf\" target=\"_blank\" rel=\"noopener noreferrer\">1.RW-R\u00e9pertoire<\/a> [1\/06\/17]<\/li>\n<li><a href=\"https:\/\/femarbel.be\/wp-content\/uploads\/2016\/02\/2.RW-CWASS-1.pdf\" target=\"_blank\" rel=\"noopener noreferrer\">2.RW-CWASS<\/a> [1\/06\/17]<\/li>\n<li><a href=\"https:\/\/femarbel.be\/wp-content\/uploads\/2016\/02\/3.RW-CRWASS.pdf\" target=\"_blank\" rel=\"noopener noreferrer\">3.RW-CRWASS<\/a> [1\/05\/16]<\/li>\n<li><a href=\"https:\/\/femarbel.be\/wp-content\/uploads\/2016\/02\/4.CHARTE-QUALITE.pdf\" target=\"_blank\" rel=\"noopener noreferrer\">4.CHARTE QUALITE<\/a> [1\/05\/16]<\/li>\n<li><a href=\"https:\/\/femarbel.be\/wp-content\/uploads\/2016\/02\/5.INCENDIE-PANIQUE.pdf\" target=\"_blank\" rel=\"noopener noreferrer\">5.INCENDIE-PANIQUE<\/a> [1\/05\/16]<\/li>\n<li><a href=\"https:\/\/femarbel.be\/wp-content\/uploads\/2016\/02\/6.NORMES-MR.pdf\" target=\"_blank\" rel=\"noopener noreferrer\">6.NORMES MR<\/a> [1\/05\/16]<\/li>\n<li><a href=\"https:\/\/femarbel.be\/wp-content\/uploads\/2016\/02\/7.NORMES-RS.pdf\" target=\"_blank\" rel=\"noopener noreferrer\">7.NORMES RS<\/a> [1\/05\/16]<\/li>\n<li><a href=\"https:\/\/femarbel.be\/wp-content\/uploads\/2016\/02\/8.NORMES-CAJ-CAN-CAS.pdf\" target=\"_blank\" rel=\"noopener noreferrer\">8.NORMES CAJ-CAN-CAS<\/a> [1\/05\/16]<\/li>\n<li><a href=\"https:\/\/femarbel.be\/wp-content\/uploads\/2016\/02\/9.NORMES-ACCUEIL-FAMILIAL.pdf\" target=\"_blank\" rel=\"noopener noreferrer\">9.NORMES ACCUEIL FAMILIAL<\/a> [1\/05\/16]<\/li>\n<li><a href=\"https:\/\/femarbel.be\/wp-content\/uploads\/2016\/02\/10.AM-21-11-2011.pdf\" target=\"_blank\" rel=\"noopener noreferrer\">10.AM 21-11-2011<\/a> [1\/05\/16]<\/li>\n<li><a href=\"https:\/\/femarbel.be\/wp-content\/uploads\/2016\/02\/11.AR-21-09-2004-MRS-CSJ.pdf\" target=\"_blank\" rel=\"noopener noreferrer\">11.AR 21-09-2004-MRS-CSJ<\/a> [1\/05\/16]<\/li>\n<li><a href=\"https:\/\/femarbel.be\/wp-content\/uploads\/2016\/02\/12.AM-12-08-2005-Prix.pdf\" target=\"_blank\" rel=\"noopener noreferrer\">12.AM 12-08-2005-Prix<\/a> [1\/05\/16]<\/li>\n<li><a href=\"https:\/\/femarbel.be\/wp-content\/uploads\/2016\/02\/13.OUTILS-1.pdf\" target=\"_blank\" rel=\"noopener noreferrer\">13.OUTILS<\/a> [1\/06\/17]<\/li>\n<\/ul>\n<h3>CoCom:<\/h3>\n<ul>\n<li><a href=\"https:\/\/femarbel.be\/wp-content\/uploads\/2016\/02\/1.COCOM-re\u0301pertoire.pdf\">1.COCOM-re\u0301pertoire<\/a> [1\/05\/16]<\/li>\n<li><a href=\"https:\/\/femarbel.be\/wp-content\/uploads\/2016\/02\/2.COCOM-Ordonnance-24-04-2008.pdf\">2.COCOM-Ordonnance 24-04-2008<\/a> [1\/05\/16]<\/li>\n<li><a href=\"https:\/\/femarbel.be\/wp-content\/uploads\/2016\/02\/3.ARRETE-04-06-2009-Programmation.pdf\">3.ARRETE 04-06-2009-Programmation<\/a> [1\/05\/16]<\/li>\n<li><a href=\"https:\/\/femarbel.be\/wp-content\/uploads\/2016\/02\/4.ARRETE-03-12-2009-Normes.pdf\">4.ARRETE 03-12-2009-Normes<\/a> [1\/05\/16]<\/li>\n<li><a href=\"https:\/\/femarbel.be\/wp-content\/uploads\/2016\/02\/5.AR-21-09-2004-MRS-CSJ.pdf\">5.AR 21-09-2004-MRS-CSJ<\/a> [1\/05\/16]<\/li>\n<li><a href=\"https:\/\/femarbel.be\/wp-content\/uploads\/2016\/02\/6.AM-12-08-2005-Prix.pdf\">6.AM 12-08-2005-Prix<\/a> [1\/05\/16]<\/li>\n<li><a href=\"https:\/\/femarbel.be\/wp-content\/uploads\/2016\/02\/7.OUTILS-1.pdf\">7.OUTILS<\/a> [1\/06\/17]<\/li>\n<\/ul>\n","protected":false},"excerpt":{"rendered":"<p>Recueil des r\u00e8glementations R\u00e9gion Wallonne: 1.RW-R\u00e9pertoire [1\/06\/17] 2.RW-CWASS [1\/06\/17] 3.RW-CRWASS [1\/05\/16] 4.CHARTE QUALITE [1\/05\/16] 5.INCENDIE-PANIQUE [1\/05\/16] 6.NORMES MR [1\/05\/16] 7.NORMES RS [1\/05\/16] 8.NORMES CAJ-CAN-CAS [1\/05\/16] 9.NORMES ACCUEIL FAMILIAL [1\/05\/16] 10.AM&hellip;<\/p>\n","protected":false},"author":15,"featured_media":0,"parent":0,"menu_order":10035,"comment_status":"closed","ping_status":"closed","template":"","meta":{"footnotes":""},"class_list":["post-17472","page","type-page","status-publish","hentry","description-off"],"_links":{"self":[{"href":"https:\/\/femarbel.be\/nl\/wp-json\/wp\/v2\/pages\/17472","targetHints":{"allow":["GET"]}}],"collection":[{"href":"https:\/\/femarbel.be\/nl\/wp-json\/wp\/v2\/pages"}],"about":[{"href":"https:\/\/femarbel.be\/nl\/wp-json\/wp\/v2\/types\/page"}],"author":[{"embeddable":true,"href":"https:\/\/femarbel.be\/nl\/wp-json\/wp\/v2\/users\/15"}],"replies":[{"embeddable":true,"href":"https:\/\/femarbel.be\/nl\/wp-json\/wp\/v2\/comments?post=17472"}],"version-history":[{"count":1,"href":"https:\/\/femarbel.be\/nl\/wp-json\/wp\/v2\/pages\/17472\/revisions"}],"predecessor-version":[{"id":17500,"href":"https:\/\/femarbel.be\/nl\/wp-json\/wp\/v2\/pages\/17472\/revisions\/17500"}],"wp:attachment":[{"href":"https:\/\/femarbel.be\/nl\/wp-json\/wp\/v2\/media?parent=17472"}],"curies":[{"name":"wp","href":"https:\/\/api.w.org\/{rel}","templated":true}]}}